{"id":38,"date":"2023-03-04T00:52:26","date_gmt":"2023-03-04T00:52:26","guid":{"rendered":"https:\/\/garotasdenegocios.com.br\/?page_id=38"},"modified":"2023-03-04T01:11:03","modified_gmt":"2023-03-04T01:11:03","slug":"sobre","status":"publish","type":"page","link":"https:\/\/garotasdenegocios.com.br\/index.php\/sobre\/","title":{"rendered":"Sobre"},"content":{"rendered":"\n<p>O Garotas de Neg\u00f3cios \u00e9 um blog completo que busca ajudar mulheres a alcan\u00e7ar o sucesso pessoal e profissional. Al\u00e9m de oferecer recursos e ferramentas \u00fateis para iniciar um neg\u00f3cio ou avan\u00e7ar na carreira, o blog tamb\u00e9m incentiva o desenvolvimento pessoal, a criatividade e o estudo constante.<\/p>\n\n\n\n<p>Para quem busca aumentar a produtividade, o Garotas de Neg\u00f3cios oferece dicas pr\u00e1ticas e materiais exclusivos, como e-books e planilhas, que fornecem as habilidades e o conhecimento necess\u00e1rios para ter sucesso em empreendimentos e carreiras. Junte-se \u00e0 comunidade inclusiva e acolhedora do Garotas de Neg\u00f3cios para se conectar com outras mulheres empreendedoras e aprender com as hist\u00f3rias de sucesso de outras mulheres.<\/p>\n\n\n\n<p>Al\u00e9m disso, as leitoras tamb\u00e9m podem se beneficiar dos recursos e ferramentas dispon\u00edveis no blog, como planilhas, modelos de neg\u00f3cios e guias de planejamento. O Garotas de Neg\u00f3cios \u00e9 uma comunidade inclusiva e acolhedora para mulheres que procuram desenvolver suas habilidades e alcan\u00e7ar o sucesso pessoal e profissional.<\/p>\n","protected":false},"excerpt":{"rendered":"<p>O Garotas de Neg\u00f3cios \u00e9 um blog completo que busca ajudar mulheres a alcan\u00e7ar o sucesso pessoal e profissional. Al\u00e9m de oferecer recursos e ferramentas \u00fateis para iniciar um neg\u00f3cio ou avan\u00e7ar na carreira, o blog tamb\u00e9m incentiva o desenvolvimento pessoal, a criatividade e o estudo constante. Para quem busca aumentar a produtividade, o Garotas [&hellip;]<\/p>\n","protected":false},"author":1,"featured_media":0,"parent":0,"menu_order":0,"comment_status":"closed","ping_status":"closed","template":"","meta":{"_uag_custom_page_level_css":"","site-sidebar-layout":"default","site-content-layout":"","ast-site-content-layout":"default","site-content-style":"default","site-sidebar-style":"default","ast-global-header-display":"","ast-banner-title-visibility":"","ast-main-header-display":"","ast-hfb-above-header-display":"","ast-hfb-below-header-display":"","ast-hfb-mobile-header-display":"","site-post-title":"","ast-breadcrumbs-content":"","ast-featured-img":"","footer-sml-layout":"","ast-disable-related-posts":"","theme-transparent-header-meta":"","adv-header-id-meta":"","stick-header-meta":"","header-above-stick-meta":"","header-main-stick-meta":"","header-below-stick-meta":"","astra-migrate-meta-layouts":"default","ast-page-background-enabled":"default","ast-page-background-meta":{"desktop":{"background-color":"var(--ast-global-color-4)","background-image":"","background-repeat":"repeat","background-position":"center center","background-size":"auto","background-attachment":"scroll","background-type":"","background-media":"","overlay-type":"","overlay-color":"","overlay-opacity":"","overlay-gradient":""},"tablet":{"background-color":"","background-image":"","background-repeat":"repeat","background-position":"center center","background-size":"auto","background-attachment":"scroll","background-type":"","background-media":"","overlay-type":"","overlay-color":"","overlay-opacity":"","overlay-gradient":""},"mobile":{"background-color":"","background-image":"","background-repeat":"repeat","background-position":"center center","background-size":"auto","background-attachment":"scroll","background-type":"","background-media":"","overlay-type":"","overlay-color":"","overlay-opacity":"","overlay-gradient":""}},"ast-content-background-meta":{"desktop":{"background-color":"var(--ast-global-color-5)","background-image":"","background-repeat":"repeat","background-position":"center center","background-size":"auto","background-attachment":"scroll","background-type":"","background-media":"","overlay-type":"","overlay-color":"","overlay-opacity":"","overlay-gradient":""},"tablet":{"background-color":"var(--ast-global-color-5)","background-image":"","background-repeat":"repeat","background-position":"center center","background-size":"auto","background-attachment":"scroll","background-type":"","background-media":"","overlay-type":"","overlay-color":"","overlay-opacity":"","overlay-gradient":""},"mobile":{"background-color":"var(--ast-global-color-5)","background-image":"","background-repeat":"repeat","background-position":"center center","background-size":"auto","background-attachment":"scroll","background-type":"","background-media":"","overlay-type":"","overlay-color":"","overlay-opacity":"","overlay-gradient":""}},"footnotes":""},"yoast_head":"<!-- This site is optimized with the Yoast SEO plugin v22.1 - https:\/\/yoast.com\/wordpress\/plugins\/seo\/ -->\n<title>Sobre -<\/title>\n<meta name=\"robots\" content=\"index, follow, max-snippet:-1, max-image-preview:large, max-video-preview:-1\" \/>\n<link rel=\"canonical\" href=\"https:\/\/garotasdenegocios.com.br\/index.php\/sobre\/\" \/>\n<meta property=\"og:locale\" content=\"pt_BR\" \/>\n<meta property=\"og:type\" content=\"article\" \/>\n<meta property=\"og:title\" content=\"Sobre -\" \/>\n<meta property=\"og:description\" content=\"O Garotas de Neg\u00f3cios \u00e9 um blog completo que busca ajudar mulheres a alcan\u00e7ar o sucesso pessoal e profissional. Al\u00e9m de oferecer recursos e ferramentas \u00fateis para iniciar um neg\u00f3cio ou avan\u00e7ar na carreira, o blog tamb\u00e9m incentiva o desenvolvimento pessoal, a criatividade e o estudo constante. Para quem busca aumentar a produtividade, o Garotas [&hellip;]\" \/>\n<meta property=\"og:url\" content=\"https:\/\/garotasdenegocios.com.br\/index.php\/sobre\/\" \/>\n<meta property=\"article:modified_time\" content=\"2023-03-04T01:11:03+00:00\" \/>\n<meta name=\"twitter:card\" content=\"summary_large_image\" \/>\n<meta name=\"twitter:label1\" content=\"Est. tempo de leitura\" \/>\n\t<meta name=\"twitter:data1\" content=\"1 minuto\" \/>\n<script type=\"application\/ld+json\" class=\"yoast-schema-graph\">{\"@context\":\"https:\/\/schema.org\",\"@graph\":[{\"@type\":\"WebPage\",\"@id\":\"https:\/\/garotasdenegocios.com.br\/index.php\/sobre\/\",\"url\":\"https:\/\/garotasdenegocios.com.br\/index.php\/sobre\/\",\"name\":\"Sobre -\",\"isPartOf\":{\"@id\":\"https:\/\/garotasdenegocios.com.br\/#website\"},\"datePublished\":\"2023-03-04T00:52:26+00:00\",\"dateModified\":\"2023-03-04T01:11:03+00:00\",\"breadcrumb\":{\"@id\":\"https:\/\/garotasdenegocios.com.br\/index.php\/sobre\/#breadcrumb\"},\"inLanguage\":\"pt-BR\",\"potentialAction\":[{\"@type\":\"ReadAction\",\"target\":[\"https:\/\/garotasdenegocios.com.br\/index.php\/sobre\/\"]}]},{\"@type\":\"BreadcrumbList\",\"@id\":\"https:\/\/garotasdenegocios.com.br\/index.php\/sobre\/#breadcrumb\",\"itemListElement\":[{\"@type\":\"ListItem\",\"position\":1,\"name\":\"Home\",\"item\":\"https:\/\/garotasdenegocios.com.br\/\"},{\"@type\":\"ListItem\",\"position\":2,\"name\":\"Sobre\"}]},{\"@type\":\"WebSite\",\"@id\":\"https:\/\/garotasdenegocios.com.br\/#website\",\"url\":\"https:\/\/garotasdenegocios.com.br\/\",\"name\":\"Garotas de Neg\u00f3cios\",\"description\":\"\",\"publisher\":{\"@id\":\"https:\/\/garotasdenegocios.com.br\/#organization\"},\"potentialAction\":[{\"@type\":\"SearchAction\",\"target\":{\"@type\":\"EntryPoint\",\"urlTemplate\":\"https:\/\/garotasdenegocios.com.br\/?s={search_term_string}\"},\"query-input\":\"required name=search_term_string\"}],\"inLanguage\":\"pt-BR\"},{\"@type\":\"Organization\",\"@id\":\"https:\/\/garotasdenegocios.com.br\/#organization\",\"name\":\"Garotas de Neg\u00f3cios\",\"url\":\"https:\/\/garotasdenegocios.com.br\/\",\"logo\":{\"@type\":\"ImageObject\",\"inLanguage\":\"pt-BR\",\"@id\":\"https:\/\/garotasdenegocios.com.br\/#\/schema\/logo\/image\/\",\"url\":\"https:\/\/garotasdenegocios.com.br\/wp-content\/uploads\/2023\/03\/cropped-cropped-Garotas-de-1.png\",\"contentUrl\":\"https:\/\/garotasdenegocios.com.br\/wp-content\/uploads\/2023\/03\/cropped-cropped-Garotas-de-1.png\",\"width\":500,\"height\":100,\"caption\":\"Garotas de Neg\u00f3cios\"},\"image\":{\"@id\":\"https:\/\/garotasdenegocios.com.br\/#\/schema\/logo\/image\/\"}}]}<\/script>\n<!-- \/ Yoast SEO plugin. -->","yoast_head_json":{"title":"Sobre -","robots":{"index":"index","follow":"follow","max-snippet":"max-snippet:-1","max-image-preview":"max-image-preview:large","max-video-preview":"max-video-preview:-1"},"canonical":"https:\/\/garotasdenegocios.com.br\/index.php\/sobre\/","og_locale":"pt_BR","og_type":"article","og_title":"Sobre -","og_description":"O Garotas de Neg\u00f3cios \u00e9 um blog completo que busca ajudar mulheres a alcan\u00e7ar o sucesso pessoal e profissional. Al\u00e9m de oferecer recursos e ferramentas \u00fateis para iniciar um neg\u00f3cio ou avan\u00e7ar na carreira, o blog tamb\u00e9m incentiva o desenvolvimento pessoal, a criatividade e o estudo constante. Para quem busca aumentar a produtividade, o Garotas [&hellip;]","og_url":"https:\/\/garotasdenegocios.com.br\/index.php\/sobre\/","article_modified_time":"2023-03-04T01:11:03+00:00","twitter_card":"summary_large_image","twitter_misc":{"Est. tempo de leitura":"1 minuto"},"schema":{"@context":"https:\/\/schema.org","@graph":[{"@type":"WebPage","@id":"https:\/\/garotasdenegocios.com.br\/index.php\/sobre\/","url":"https:\/\/garotasdenegocios.com.br\/index.php\/sobre\/","name":"Sobre -","isPartOf":{"@id":"https:\/\/garotasdenegocios.com.br\/#website"},"datePublished":"2023-03-04T00:52:26+00:00","dateModified":"2023-03-04T01:11:03+00:00","breadcrumb":{"@id":"https:\/\/garotasdenegocios.com.br\/index.php\/sobre\/#breadcrumb"},"inLanguage":"pt-BR","potentialAction":[{"@type":"ReadAction","target":["https:\/\/garotasdenegocios.com.br\/index.php\/sobre\/"]}]},{"@type":"BreadcrumbList","@id":"https:\/\/garotasdenegocios.com.br\/index.php\/sobre\/#breadcrumb","itemListElement":[{"@type":"ListItem","position":1,"name":"Home","item":"https:\/\/garotasdenegocios.com.br\/"},{"@type":"ListItem","position":2,"name":"Sobre"}]},{"@type":"WebSite","@id":"https:\/\/garotasdenegocios.com.br\/#website","url":"https:\/\/garotasdenegocios.com.br\/","name":"Garotas de Neg\u00f3cios","description":"","publisher":{"@id":"https:\/\/garotasdenegocios.com.br\/#organization"},"potentialAction":[{"@type":"SearchAction","target":{"@type":"EntryPoint","urlTemplate":"https:\/\/garotasdenegocios.com.br\/?s={search_term_string}"},"query-input":"required name=search_term_string"}],"inLanguage":"pt-BR"},{"@type":"Organization","@id":"https:\/\/garotasdenegocios.com.br\/#organization","name":"Garotas de Neg\u00f3cios","url":"https:\/\/garotasdenegocios.com.br\/","logo":{"@type":"ImageObject","inLanguage":"pt-BR","@id":"https:\/\/garotasdenegocios.com.br\/#\/schema\/logo\/image\/","url":"https:\/\/garotasdenegocios.com.br\/wp-content\/uploads\/2023\/03\/cropped-cropped-Garotas-de-1.png","contentUrl":"https:\/\/garotasdenegocios.com.br\/wp-content\/uploads\/2023\/03\/cropped-cropped-Garotas-de-1.png","width":500,"height":100,"caption":"Garotas de Neg\u00f3cios"},"image":{"@id":"https:\/\/garotasdenegocios.com.br\/#\/schema\/logo\/image\/"}}]}},"uagb_featured_image_src":{"full":false,"thumbnail":false,"medium":false,"medium_large":false,"large":false,"1536x1536":false,"2048x2048":false},"uagb_author_info":{"display_name":false,"author_link":"https:\/\/garotasdenegocios.com.br\/index.php\/author\/las\/"},"uagb_comment_info":0,"uagb_excerpt":"O Garotas de Neg\u00f3cios \u00e9 um blog completo que busca ajudar mulheres a alcan\u00e7ar o sucesso pessoal e profissional. Al\u00e9m de oferecer recursos e ferramentas \u00fateis para iniciar um neg\u00f3cio ou avan\u00e7ar na carreira, o blog tamb\u00e9m incentiva o desenvolvimento pessoal, a criatividade e o estudo constante. Para quem busca aumentar a produtividade, o Garotas&hellip;","_links":{"self":[{"href":"https:\/\/garotasdenegocios.com.br\/index.php\/wp-json\/wp\/v2\/pages\/38"}],"collection":[{"href":"https:\/\/garotasdenegocios.com.br\/index.php\/wp-json\/wp\/v2\/pages"}],"about":[{"href":"https:\/\/garotasdenegocios.com.br\/index.php\/wp-json\/wp\/v2\/types\/page"}],"author":[{"embeddable":true,"href":"https:\/\/garotasdenegocios.com.br\/index.php\/wp-json\/wp\/v2\/users\/1"}],"replies":[{"embeddable":true,"href":"https:\/\/garotasdenegocios.com.br\/index.php\/wp-json\/wp\/v2\/comments?post=38"}],"version-history":[{"count":2,"href":"https:\/\/garotasdenegocios.com.br\/index.php\/wp-json\/wp\/v2\/pages\/38\/revisions"}],"predecessor-version":[{"id":57,"href":"https:\/\/garotasdenegocios.com.br\/index.php\/wp-json\/wp\/v2\/pages\/38\/revisions\/57"}],"wp:attachment":[{"href":"https:\/\/garotasdenegocios.com.br\/index.php\/wp-json\/wp\/v2\/media?parent=38"}],"curies":[{"name":"wp","href":"https:\/\/api.w.org\/{rel}","templated":true}]}}